{"id":11,"date":"2025-05-19T12:32:27","date_gmt":"2025-05-19T12:32:27","guid":{"rendered":"https:\/\/vikingapp.se\/?page_id=11"},"modified":"2025-06-05T13:06:22","modified_gmt":"2025-06-05T13:06:22","slug":"viking","status":"publish","type":"page","link":"https:\/\/vikingapp.se\/","title":{"rendered":"Viking &#8211; Projektverktyg f\u00f6r bygg."},"content":{"rendered":"\t\t<div data-elementor-type=\"wp-post\" data-elementor-id=\"11\" class=\"elementor elementor-11\">\n\t\t\t\t<header class=\"elementor-element elementor-element-4d68968b e-con-full cursor-flashlight e-flex e-con e-parent\" data-id=\"4d68968b\" data-element_type=\"container\" data-settings=\"{&quot;background_background&quot;:&quot;classic&quot;}\">\n\t\t<div class=\"elementor-element elementor-element-2127cc40 e-flex e-con-boxed e-con e-child\" data-id=\"2127cc40\" data-element_type=\"container\">\n\t\t\t\t\t<div class=\"e-con-inner\">\n\t\t\t\t<div class=\"elementor-element elementor-element-6fe8d54 elementor-widget elementor-widget-image\" data-id=\"6fe8d54\" data-element_type=\"widget\" data-widget_type=\"image.default\">\n\t\t\t\t<div class=\"elementor-widget-container\">\n\t\t\t\t\t\t\t\t\t\t\t\t\t\t\t<img decoding=\"async\" width=\"131\" height=\"32\" src=\"https:\/\/vikingapp.se\/wp-content\/uploads\/2025\/05\/viking-logo.svg\" class=\"attachment-large size-large wp-image-12\" alt=\"Viking logo\" \/>\t\t\t\t\t\t\t\t\t\t\t\t\t\t\t<\/div>\n\t\t\t\t<\/div>\n\t\t\t\t<div class=\"elementor-element elementor-element-7c7628f elementor-widget elementor-widget-spacer\" data-id=\"7c7628f\" data-element_type=\"widget\" data-widget_type=\"spacer.default\">\n\t\t\t\t<div class=\"elementor-widget-container\">\n\t\t\t\t\t\t\t<div class=\"elementor-spacer\">\n\t\t\t<div class=\"elementor-spacer-inner\"><\/div>\n\t\t<\/div>\n\t\t\t\t\t\t<\/div>\n\t\t\t\t<\/div>\n\t\t\t\t<div class=\"elementor-element elementor-element-3efbf50 elementor-widget elementor-widget-heading\" data-id=\"3efbf50\" data-element_type=\"widget\" data-widget_type=\"heading.default\">\n\t\t\t\t<div class=\"elementor-widget-container\">\n\t\t\t\t\t<h1 class=\"elementor-heading-title elementor-size-default\">Kraftfullt och flexibelt projektverktyg f\u00f6r bygg.<\/h1>\t\t\t\t<\/div>\n\t\t\t\t<\/div>\n\t\t\t\t<div class=\"elementor-element elementor-element-54db6777 text-balanced elementor-widget elementor-widget-text-editor\" data-id=\"54db6777\" data-element_type=\"widget\" data-widget_type=\"text-editor.default\">\n\t\t\t\t<div class=\"elementor-widget-container\">\n\t\t\t\t\t\t\t\t\t<p>Viking tar nu emot pilotkunder. Vill ni vara med i testfasen? H\u00f6r av er.<\/p>\t\t\t\t\t\t\t\t<\/div>\n\t\t\t\t<\/div>\n\t\t<div class=\"elementor-element elementor-element-4544f298 e-con-full e-flex e-con e-child\" data-id=\"4544f298\" data-element_type=\"container\">\n\t\t\t\t<div class=\"elementor-element elementor-element-23fdb4a7 elementor-widget__width-auto elementor-widget elementor-widget-button\" data-id=\"23fdb4a7\" data-element_type=\"widget\" data-widget_type=\"button.default\">\n\t\t\t\t<div class=\"elementor-widget-container\">\n\t\t\t\t\t\t\t\t\t<div class=\"elementor-button-wrapper\">\n\t\t\t\t\t<a class=\"elementor-button elementor-button-link elementor-size-sm\" href=\"https:\/\/app.vikingapp.se\">\n\t\t\t\t\t\t<span class=\"elementor-button-content-wrapper\">\n\t\t\t\t\t\t\t\t\t<span class=\"elementor-button-text\">Logga in<\/span>\n\t\t\t\t\t<\/span>\n\t\t\t\t\t<\/a>\n\t\t\t\t<\/div>\n\t\t\t\t\t\t\t\t<\/div>\n\t\t\t\t<\/div>\n\t\t\t\t<div class=\"elementor-element elementor-element-8ca6fc0 elementor-widget__width-auto elementor-widget elementor-widget-text-editor\" data-id=\"8ca6fc0\" data-element_type=\"widget\" data-widget_type=\"text-editor.default\">\n\t\t\t\t<div class=\"elementor-widget-container\">\n\t\t\t\t\t\t\t\t\t<p>010-641 42 26<\/p>\t\t\t\t\t\t\t\t<\/div>\n\t\t\t\t<\/div>\n\t\t\t\t<\/div>\n\t\t\t\t\t<\/div>\n\t\t\t\t<\/div>\n\t\t\t\t<\/header>\n\t\t\t\t<\/div>\n\t\t","protected":false},"excerpt":{"rendered":"<p>Viking \u00e4r ett kraftfullt och flexibelt projektverktyg f\u00f6r bygg. <\/p>\n","protected":false},"author":1,"featured_media":37,"parent":0,"menu_order":0,"comment_status":"closed","ping_status":"closed","template":"elementor_canvas","meta":{"footnotes":""},"class_list":["post-11","page","type-page","status-publish","has-post-thumbnail","hentry"],"yoast_head":"<!-- This site is optimized with the Yoast SEO plugin v25.2 - https:\/\/yoast.com\/wordpress\/plugins\/seo\/ -->\n<title>Viking - Projektverktyg f\u00f6r bygg. - Viking<\/title>\n<meta name=\"description\" content=\"Viking \u00e4r ett modernt, blixtsnabbt projektverktyg f\u00f6r byggsektorn. Allt fr\u00e5n offert, till faktura. Testa gratis idag.\" \/>\n<meta name=\"robots\" content=\"index, follow, max-snippet:-1, max-image-preview:large, max-video-preview:-1\" \/>\n<link rel=\"canonical\" href=\"https:\/\/vikingapp.se\/\" \/>\n<meta property=\"og:locale\" content=\"sv_SE\" \/>\n<meta property=\"og:type\" content=\"article\" \/>\n<meta property=\"og:title\" content=\"Viking\" \/>\n<meta property=\"og:description\" content=\"Viking \u00e4r ett modernt, blixtsnabbt projektverktyg f\u00f6r byggsektorn. Allt fr\u00e5n offert, till faktura. Testa gratis idag.\" \/>\n<meta property=\"og:url\" content=\"https:\/\/vikingapp.se\/\" \/>\n<meta property=\"og:site_name\" content=\"Viking\" \/>\n<meta property=\"article:modified_time\" content=\"2025-06-05T13:06:22+00:00\" \/>\n<meta property=\"og:image\" content=\"https:\/\/vikingapp.se\/wp-content\/uploads\/2025\/06\/viking-og-img.png\" \/>\n\t<meta property=\"og:image:width\" content=\"1200\" \/>\n\t<meta property=\"og:image:height\" content=\"630\" \/>\n\t<meta property=\"og:image:type\" content=\"image\/png\" \/>\n<meta name=\"twitter:card\" content=\"summary_large_image\" \/>\n<meta name=\"twitter:label1\" content=\"Ber\u00e4knad l\u00e4stid\" \/>\n\t<meta name=\"twitter:data1\" content=\"1 minut\" \/>\n<script type=\"application\/ld+json\" class=\"yoast-schema-graph\">{\"@context\":\"https:\/\/schema.org\",\"@graph\":[{\"@type\":\"WebPage\",\"@id\":\"https:\/\/vikingapp.se\/\",\"url\":\"https:\/\/vikingapp.se\/\",\"name\":\"Viking - Projektverktyg f\u00f6r bygg. - Viking\",\"isPartOf\":{\"@id\":\"https:\/\/vikingapp.se\/#website\"},\"primaryImageOfPage\":{\"@id\":\"https:\/\/vikingapp.se\/#primaryimage\"},\"image\":{\"@id\":\"https:\/\/vikingapp.se\/#primaryimage\"},\"thumbnailUrl\":\"https:\/\/vikingapp.se\/wp-content\/uploads\/2025\/06\/viking-og-img.png\",\"datePublished\":\"2025-05-19T12:32:27+00:00\",\"dateModified\":\"2025-06-05T13:06:22+00:00\",\"description\":\"Viking \u00e4r ett modernt, blixtsnabbt projektverktyg f\u00f6r byggsektorn. Allt fr\u00e5n offert, till faktura. Testa gratis idag.\",\"breadcrumb\":{\"@id\":\"https:\/\/vikingapp.se\/#breadcrumb\"},\"inLanguage\":\"sv-SE\",\"potentialAction\":[{\"@type\":\"ReadAction\",\"target\":[\"https:\/\/vikingapp.se\/\"]}]},{\"@type\":\"ImageObject\",\"inLanguage\":\"sv-SE\",\"@id\":\"https:\/\/vikingapp.se\/#primaryimage\",\"url\":\"https:\/\/vikingapp.se\/wp-content\/uploads\/2025\/06\/viking-og-img.png\",\"contentUrl\":\"https:\/\/vikingapp.se\/wp-content\/uploads\/2025\/06\/viking-og-img.png\",\"width\":1200,\"height\":630},{\"@type\":\"BreadcrumbList\",\"@id\":\"https:\/\/vikingapp.se\/#breadcrumb\",\"itemListElement\":[{\"@type\":\"ListItem\",\"position\":1,\"name\":\"Hem\",\"item\":\"https:\/\/vikingapp.se\/\"},{\"@type\":\"ListItem\",\"position\":2,\"name\":\"Viking &#8211; Projektverktyg f\u00f6r bygg.\"}]},{\"@type\":\"WebSite\",\"@id\":\"https:\/\/vikingapp.se\/#website\",\"url\":\"https:\/\/vikingapp.se\/\",\"name\":\"Viking\",\"description\":\"Ett kraftfullt projektverktyg f\u00f6r bygg.\",\"publisher\":{\"@id\":\"https:\/\/vikingapp.se\/#organization\"},\"potentialAction\":[{\"@type\":\"SearchAction\",\"target\":{\"@type\":\"EntryPoint\",\"urlTemplate\":\"https:\/\/vikingapp.se\/?s={search_term_string}\"},\"query-input\":{\"@type\":\"PropertyValueSpecification\",\"valueRequired\":true,\"valueName\":\"search_term_string\"}}],\"inLanguage\":\"sv-SE\"},{\"@type\":\"Organization\",\"@id\":\"https:\/\/vikingapp.se\/#organization\",\"name\":\"Viking\",\"url\":\"https:\/\/vikingapp.se\/\",\"logo\":{\"@type\":\"ImageObject\",\"inLanguage\":\"sv-SE\",\"@id\":\"https:\/\/vikingapp.se\/#\/schema\/logo\/image\/\",\"url\":\"https:\/\/vikingapp.se\/wp-content\/uploads\/2025\/05\/viking-logo.svg\",\"contentUrl\":\"https:\/\/vikingapp.se\/wp-content\/uploads\/2025\/05\/viking-logo.svg\",\"width\":131,\"height\":32,\"caption\":\"Viking\"},\"image\":{\"@id\":\"https:\/\/vikingapp.se\/#\/schema\/logo\/image\/\"}}]}<\/script>\n<!-- \/ Yoast SEO plugin. -->","yoast_head_json":{"title":"Viking - Projektverktyg f\u00f6r bygg. - Viking","description":"Viking \u00e4r ett modernt, blixtsnabbt projektverktyg f\u00f6r byggsektorn. Allt fr\u00e5n offert, till faktura. Testa gratis idag.","robots":{"index":"index","follow":"follow","max-snippet":"max-snippet:-1","max-image-preview":"max-image-preview:large","max-video-preview":"max-video-preview:-1"},"canonical":"https:\/\/vikingapp.se\/","og_locale":"sv_SE","og_type":"article","og_title":"Viking","og_description":"Viking \u00e4r ett modernt, blixtsnabbt projektverktyg f\u00f6r byggsektorn. Allt fr\u00e5n offert, till faktura. Testa gratis idag.","og_url":"https:\/\/vikingapp.se\/","og_site_name":"Viking","article_modified_time":"2025-06-05T13:06:22+00:00","og_image":[{"width":1200,"height":630,"url":"https:\/\/vikingapp.se\/wp-content\/uploads\/2025\/06\/viking-og-img.png","type":"image\/png"}],"twitter_card":"summary_large_image","twitter_misc":{"Ber\u00e4knad l\u00e4stid":"1 minut"},"schema":{"@context":"https:\/\/schema.org","@graph":[{"@type":"WebPage","@id":"https:\/\/vikingapp.se\/","url":"https:\/\/vikingapp.se\/","name":"Viking - Projektverktyg f\u00f6r bygg. - Viking","isPartOf":{"@id":"https:\/\/vikingapp.se\/#website"},"primaryImageOfPage":{"@id":"https:\/\/vikingapp.se\/#primaryimage"},"image":{"@id":"https:\/\/vikingapp.se\/#primaryimage"},"thumbnailUrl":"https:\/\/vikingapp.se\/wp-content\/uploads\/2025\/06\/viking-og-img.png","datePublished":"2025-05-19T12:32:27+00:00","dateModified":"2025-06-05T13:06:22+00:00","description":"Viking \u00e4r ett modernt, blixtsnabbt projektverktyg f\u00f6r byggsektorn. Allt fr\u00e5n offert, till faktura. Testa gratis idag.","breadcrumb":{"@id":"https:\/\/vikingapp.se\/#breadcrumb"},"inLanguage":"sv-SE","potentialAction":[{"@type":"ReadAction","target":["https:\/\/vikingapp.se\/"]}]},{"@type":"ImageObject","inLanguage":"sv-SE","@id":"https:\/\/vikingapp.se\/#primaryimage","url":"https:\/\/vikingapp.se\/wp-content\/uploads\/2025\/06\/viking-og-img.png","contentUrl":"https:\/\/vikingapp.se\/wp-content\/uploads\/2025\/06\/viking-og-img.png","width":1200,"height":630},{"@type":"BreadcrumbList","@id":"https:\/\/vikingapp.se\/#breadcrumb","itemListElement":[{"@type":"ListItem","position":1,"name":"Hem","item":"https:\/\/vikingapp.se\/"},{"@type":"ListItem","position":2,"name":"Viking &#8211; Projektverktyg f\u00f6r bygg."}]},{"@type":"WebSite","@id":"https:\/\/vikingapp.se\/#website","url":"https:\/\/vikingapp.se\/","name":"Viking","description":"Ett kraftfullt projektverktyg f\u00f6r bygg.","publisher":{"@id":"https:\/\/vikingapp.se\/#organization"},"potentialAction":[{"@type":"SearchAction","target":{"@type":"EntryPoint","urlTemplate":"https:\/\/vikingapp.se\/?s={search_term_string}"},"query-input":{"@type":"PropertyValueSpecification","valueRequired":true,"valueName":"search_term_string"}}],"inLanguage":"sv-SE"},{"@type":"Organization","@id":"https:\/\/vikingapp.se\/#organization","name":"Viking","url":"https:\/\/vikingapp.se\/","logo":{"@type":"ImageObject","inLanguage":"sv-SE","@id":"https:\/\/vikingapp.se\/#\/schema\/logo\/image\/","url":"https:\/\/vikingapp.se\/wp-content\/uploads\/2025\/05\/viking-logo.svg","contentUrl":"https:\/\/vikingapp.se\/wp-content\/uploads\/2025\/05\/viking-logo.svg","width":131,"height":32,"caption":"Viking"},"image":{"@id":"https:\/\/vikingapp.se\/#\/schema\/logo\/image\/"}}]}},"_links":{"self":[{"href":"https:\/\/vikingapp.se\/index.php?rest_route=\/wp\/v2\/pages\/11","targetHints":{"allow":["GET"]}}],"collection":[{"href":"https:\/\/vikingapp.se\/index.php?rest_route=\/wp\/v2\/pages"}],"about":[{"href":"https:\/\/vikingapp.se\/index.php?rest_route=\/wp\/v2\/types\/page"}],"author":[{"embeddable":true,"href":"https:\/\/vikingapp.se\/index.php?rest_route=\/wp\/v2\/users\/1"}],"replies":[{"embeddable":true,"href":"https:\/\/vikingapp.se\/index.php?rest_route=%2Fwp%2Fv2%2Fcomments&post=11"}],"version-history":[{"count":18,"href":"https:\/\/vikingapp.se\/index.php?rest_route=\/wp\/v2\/pages\/11\/revisions"}],"predecessor-version":[{"id":45,"href":"https:\/\/vikingapp.se\/index.php?rest_route=\/wp\/v2\/pages\/11\/revisions\/45"}],"wp:featuredmedia":[{"embeddable":true,"href":"https:\/\/vikingapp.se\/index.php?rest_route=\/wp\/v2\/media\/37"}],"wp:attachment":[{"href":"https:\/\/vikingapp.se\/index.php?rest_route=%2Fwp%2Fv2%2Fmedia&parent=11"}],"curies":[{"name":"wp","href":"https:\/\/api.w.org\/{rel}","templated":true}]}}